{"id":1445,"date":"2023-10-30T01:21:04","date_gmt":"2023-10-30T00:21:04","guid":{"rendered":"https:\/\/libel.es\/?page_id=1445"},"modified":"2023-10-30T01:21:05","modified_gmt":"2023-10-30T00:21:05","slug":"about-us","status":"publish","type":"page","link":"https:\/\/libel.es\/index.php\/about-us\/","title":{"rendered":"About us"},"content":{"rendered":"\n<p>Libel es una empresa nacida de un sue\u00f1o de tener una marca de ropa y pasi\u00f3n por la moda. Despu\u00e9s de mucho trabajo, constancia e ilusi\u00f3n, esto se ha hecho realidad, creando as\u00ed nuestro e-commerce. Por eso, quiero agradecerles a todos ustedes por lo que hemos logrado, ya que hacen que esta hermosa familia siga creciendo d\u00eda tras d\u00eda.<\/p>\n\n\n\n<p>Atentamente,<\/p>\n\n\n\n<p>Equipo de Libel<\/p>\n","protected":false},"excerpt":{"rendered":"<p>Libel es una empresa nacida de un sue\u00f1o de tener una marca de ropa y pasi\u00f3n por la moda. Despu\u00e9s de mucho trabajo, constancia e ilusi\u00f3n, esto se ha hecho realidad, creando as\u00ed nuestro e-commerce. Por eso, quiero agradecerles a todos ustedes por lo que hemos logrado, ya que hacen que esta hermosa familia siga creciendo d\u00eda tras d\u00eda. Atentamente, Equipo de Libel<\/p>\n","protected":false},"author":1,"featured_media":0,"parent":0,"menu_order":0,"comment_status":"closed","ping_status":"closed","template":"","meta":{"site-sidebar-layout":"default","site-content-layout":"","ast-site-content-layout":"default","site-content-style":"default","site-sidebar-style":"default","ast-global-header-display":"","ast-banner-title-visibility":"","ast-main-header-display":"","ast-hfb-above-header-display":"","ast-hfb-below-header-display":"","ast-hfb-mobile-header-display":"","site-post-title":"","ast-breadcrumbs-content":"","ast-featured-img":"","footer-sml-layout":"","ast-disable-related-posts":"","theme-transparent-header-meta":"","adv-header-id-meta":"","stick-header-meta":"","header-above-stick-meta":"","header-main-stick-meta":"","header-below-stick-meta":"","astra-migrate-meta-layouts":"default","ast-page-background-enabled":"default","ast-page-background-meta":{"desktop":{"background-color":"var(--ast-global-color-4)","background-image":"","background-repeat":"repeat","background-position":"center center","background-size":"auto","background-attachment":"scroll","background-type":"","background-media":"","overlay-type":"","overlay-color":"","overlay-opacity":"","overlay-gradient":""},"tablet":{"background-color":"","background-image":"","background-repeat":"repeat","background-position":"center center","background-size":"auto","background-attachment":"scroll","background-type":"","background-media":"","overlay-type":"","overlay-color":"","overlay-opacity":"","overlay-gradient":""},"mobile":{"background-color":"","background-image":"","background-repeat":"repeat","background-position":"center center","background-size":"auto","background-attachment":"scroll","background-type":"","background-media":"","overlay-type":"","overlay-color":"","overlay-opacity":"","overlay-gradient":""}},"ast-content-background-meta":{"desktop":{"background-color":"var(--ast-global-color-5)","background-image":"","background-repeat":"repeat","background-position":"center center","background-size":"auto","background-attachment":"scroll","background-type":"","background-media":"","overlay-type":"","overlay-color":"","overlay-opacity":"","overlay-gradient":""},"tablet":{"background-color":"var(--ast-global-color-5)","background-image":"","background-repeat":"repeat","background-position":"center center","background-size":"auto","background-attachment":"scroll","background-type":"","background-media":"","overlay-type":"","overlay-color":"","overlay-opacity":"","overlay-gradient":""},"mobile":{"background-color":"var(--ast-global-color-5)","background-image":"","background-repeat":"repeat","background-position":"center center","background-size":"auto","background-attachment":"scroll","background-type":"","background-media":"","overlay-type":"","overlay-color":"","overlay-opacity":"","overlay-gradient":""}},"_joinchat":[],"footnotes":""},"class_list":["post-1445","page","type-page","status-publish","hentry"],"_links":{"self":[{"href":"https:\/\/libel.es\/index.php\/wp-json\/wp\/v2\/pages\/1445","targetHints":{"allow":["GET"]}}],"collection":[{"href":"https:\/\/libel.es\/index.php\/wp-json\/wp\/v2\/pages"}],"about":[{"href":"https:\/\/libel.es\/index.php\/wp-json\/wp\/v2\/types\/page"}],"author":[{"embeddable":true,"href":"https:\/\/libel.es\/index.php\/wp-json\/wp\/v2\/users\/1"}],"replies":[{"embeddable":true,"href":"https:\/\/libel.es\/index.php\/wp-json\/wp\/v2\/comments?post=1445"}],"version-history":[{"count":1,"href":"https:\/\/libel.es\/index.php\/wp-json\/wp\/v2\/pages\/1445\/revisions"}],"predecessor-version":[{"id":3116,"href":"https:\/\/libel.es\/index.php\/wp-json\/wp\/v2\/pages\/1445\/revisions\/3116"}],"wp:attachment":[{"href":"https:\/\/libel.es\/index.php\/wp-json\/wp\/v2\/media?parent=1445"}],"curies":[{"name":"wp","href":"https:\/\/api.w.org\/{rel}","templated":true}]}}